{"id":991427,"date":"2022-05-26T14:48:26","date_gmt":"2022-05-26T12:48:26","guid":{"rendered":"https:\/\/prefasprzet.pl\/assyx\/"},"modified":"2023-06-12T08:42:40","modified_gmt":"2023-06-12T06:42:40","slug":"assyx","status":"publish","type":"page","link":"https:\/\/prefasprzet.pl\/en\/assyx\/","title":{"rendered":"Assyx"},"content":{"rendered":"<div class=\"vgblk-rw-wrapper limit-wrapper\">\r\n<p><img decoding=\"async\" title=\"assyx\" src=\"https:\/\/prefasprzet.pl\/wp-content\/uploads\/2022\/05\/assyx.png\" sizes=\"(max-width: 768px) 100vw, 100vw\" alt=\"assyx\" width=\"300\" height=\"59\" \/><\/p>\r\n<h4>ASSYX &#8211; manufacturer of innovative boards for vibrating presses<\/h4>\r\n<p>ASSYX GmbH &amp; CO. KG is based in western Germany, approximately 130 km northwest of Frankfurt am Main, in the town of Andernach on the Rhine. Due to its rich deposits of magmatic rocks, the Andernach area has been associated with concrete production for decades. Many projects have been developed and implemented here in the field of machinery and equipment for the production of concrete and precast concrete products. The technology-oriented tradition continues also in the highly modern ASSYX plant, which is the leading manufacturer of patented production boards for vibro-presses.<\/p>\r\n<p>Blaty produkcyjne <strong>ASSYX Duroboard<\/strong> powsta\u0142y w wyniku ponad dwuletniej, \u015bcis\u0142ej wsp\u00f3\u0142pracy z firm\u0105 Bayer Material Science AG\u00a0(dzisiaj Covestro Deutschland AG) oraz fi\u0144skim dostawc\u0105 p\u0142yt drewnianych &#8211; firm\u0105\u00a0Mets\u00e4wood.<\/p>\r\n<p>The rigid core of this board is a multi-layer laminated wood board (trade name Kerto-Q). The core is factory-coated with a high-quality, two-component synthetic material, Baydur\u00ae polyurethane, developed by Bayer exclusively for ASSYX.<\/p>\r\n<p>After completing research and a series of trials, a fully automated production line was installed in the 1,600 m2 halls, which has already produced more than 1,500,000 boards since 2006.<\/p>\r\n<p>Visit the website <strong>www.assyx.com<\/strong>, where all important information is also prepared in English, Polish, German, Spanish and Russian.<\/p>\r\n<p>Prefasprz\u0119t disposes of board samples both new and used in the production plant between 2007 and 2013.<br \/>We will be happy to present them to you.<\/p>\r\n<p><iframe title=\"YouTube video player\" src=\"https:\/\/www.youtube.com\/embed\/EaP11ljINsI\" width=\"600\" height=\"295\" frameborder=\"0\" allowfullscreen=\"allowfullscreen\"><\/iframe><\/p>\r\n<\/div><!-- .vgblk-rw-wrapper -->","protected":false},"excerpt":{"rendered":"<p>ASSYX &#8211; manufacturer of innovative boards for vibrating presses ASSYX GmbH &amp; CO. KG is based in western Germany, approximately 130 km northwest of Frankfurt am Main, in the town&#8230;<\/p>\n","protected":false},"author":1,"featured_media":0,"parent":0,"menu_order":0,"comment_status":"closed","ping_status":"closed","template":"","meta":{"inline_featured_image":false,"footnotes":""},"class_list":["post-991427","page","type-page","status-publish","hentry"],"jetpack_sharing_enabled":true,"_links":{"self":[{"href":"https:\/\/prefasprzet.pl\/en\/wp-json\/wp\/v2\/pages\/991427","targetHints":{"allow":["GET"]}}],"collection":[{"href":"https:\/\/prefasprzet.pl\/en\/wp-json\/wp\/v2\/pages"}],"about":[{"href":"https:\/\/prefasprzet.pl\/en\/wp-json\/wp\/v2\/types\/page"}],"author":[{"embeddable":true,"href":"https:\/\/prefasprzet.pl\/en\/wp-json\/wp\/v2\/users\/1"}],"replies":[{"embeddable":true,"href":"https:\/\/prefasprzet.pl\/en\/wp-json\/wp\/v2\/comments?post=991427"}],"version-history":[{"count":4,"href":"https:\/\/prefasprzet.pl\/en\/wp-json\/wp\/v2\/pages\/991427\/revisions"}],"predecessor-version":[{"id":991573,"href":"https:\/\/prefasprzet.pl\/en\/wp-json\/wp\/v2\/pages\/991427\/revisions\/991573"}],"wp:attachment":[{"href":"https:\/\/prefasprzet.pl\/en\/wp-json\/wp\/v2\/media?parent=991427"}],"curies":[{"name":"wp","href":"https:\/\/api.w.org\/{rel}","templated":true}]}}