{"id":991677,"date":"2022-12-21T14:20:03","date_gmt":"2022-12-21T13:20:03","guid":{"rendered":"https:\/\/prefasprzet.pl\/?page_id=991677"},"modified":"2023-05-22T14:56:00","modified_gmt":"2023-05-22T12:56:00","slug":"bfs-souveraen","status":"publish","type":"page","link":"https:\/\/prefasprzet.pl\/en\/bfs-souveraen\/","title":{"rendered":"BFS SOUVERAEN &#8211; high performance concrete pipe machine"},"content":{"rendered":"<div class=\"vgblk-rw-wrapper limit-wrapper\">\r\n\r\n\t\t\t\t\t\t\t<img decoding=\"async\" loading=\"lazy\" src=\"https:\/\/prefasprzet.pl\/wp-content\/uploads\/2022\/06\/AFINITAS-1.png\" alt=\"AFINITAS\" itemprop=\"image\" height=\"210\" width=\"210\" title=\"AFINITAS\" onerror=\"this.style.display='none'\"  sizes=\"auto, (max-width: 768px) 100vw, 100vw\" srcset=\"data:image\/svg+xml;utf8,&lt;svg%20xmlns=&quot;http:\/\/www.w3.org\/2000\/svg&quot;%20viewBox=&quot;0%200%20210%20210&quot;%20height=&quot;210px&quot;%20width=&quot;210px&quot;\/&gt;\" data-srcset=\"https:\/\/prefasprzet.pl\/wp-content\/uploads\/2022\/06\/AFINITAS-1.png 210w, https:\/\/prefasprzet.pl\/wp-content\/uploads\/2022\/06\/AFINITAS-1-150x150.png 150w, https:\/\/prefasprzet.pl\/wp-content\/uploads\/2022\/06\/AFINITAS-1-100x100.png 100w\" \/>\t\t\t\t\t\t\t\r\n<h4>\r\n\t<b>AFINITAS &#8211; INTELIGENTNE ROZWI\u0104ZANIA DLA BRAN\u017bY PREFABRYKAT\u00d3W Z BETONU<\/b>\r\n\t<\/h4>\r\n\t<p>Afinitas jako globalna, kompleksowa, zorientowana na klienta platforma us\u0142ug i rozwi\u0105za\u0144 technologicznych dla przemys\u0142u prefabrykacji utworzona zosta\u0142a w 2017 roku z inicjatywy Hawkeye Pedershaab concrete technologies inc.. Hawkeye zainicjowa\u0142 po\u0142\u0105czenie sp\u00f3\u0142ek oferuj\u0105cych urz\u0105dzenia i us\u0142ugi dla bran\u017cy prefabrykacji w organizacji parasolowej by wzmocni\u0107 ich pozycj\u0119 na rynku oraz uwolni\u0107 synergiczny potencja\u0142 oferty.<\/p>\r\n<p>Do grupy Afinitas nale\u017c\u0105 nast\u0119puj\u0105ce sp\u00f3\u0142ki: HawkeyePedershaab, BFS (urz\u0105dzenia do produkcji wyrob\u00f3w betonowych z mieszanki wilgotnej), New Hampton Metal Fabrication, Spillman (formy do produkcji wyrob\u00f3w betonowych) i CAM Products, Amifast i Castwick Ltd. (oprzyrz\u0105dowanie i akcesoria). Po\u0142\u0105czywszy swoje si\u0142y, przedsi\u0119biorstwa te wprowadzaj\u0105 swoje produkty rynek globalny i wype\u0142niaj\u0105 luk\u0119 w przemy\u015ble wyrob\u00f3w betonowych produkowanych zar\u00f3wno z mieszanki o konsystencji wilgotnej jak i ciek\u0142ej.<\/p>\r\n\t<p><strong>Aktualnie oferta produktowa Afinitas obejmuje:<\/strong><\/p>\r\n<p>\u25ce\u00a0 Maszyny do produkcji rur betonowych, studzienek i przepust\u00f3w skrzynkowych<\/p>\r\n<p>\u25ce\u00a0 Maszyny do produkcji betonowych rur ci\u015bnieniowych<\/p>\r\n<p>\u25ce\u00a0 Maszyny do produkcji s\u0142up\u00f3w betonowych<\/p>\r\n<p>\u25ce\u00a0 Maszyny do produkcji kamienia fornirowego i blok\u00f3w betonowych<\/p>\r\n<p>\u25ce\u00a0 Rozwi\u0105zania do pielegnacji wyrob\u00f3w betonowych<\/p>\r\n<p>\u25ce\u00a0 Zautomatyzowane rozwi\u0105zania obs\u0142ugi przemys\u0142owej do produkcji prefabrykat\u00f3w<\/p>\r\n<p>\u25ce\u00a0 Systemy formowania wyrob\u00f3w z betonu odlewanego na sucho<\/p>\r\n<p>\u25ce\u00a0 Systemy formowania wyrob\u00f3w z betonu wylewanego na mokro<\/p>\r\n<p>\u25ce\u00a0 Dystanse i strzemiona do zbrojenia<\/p>\r\n<p>\u25ce\u00a0 I wiele innych<\/p>\r\n\r\n\t<a href=\"https:\/\/youtu.be\/SpwN2HsVs5o\" target=\"_blank\" role=\"button\" rel=\"noopener\">\r\n\t\t\t\t\tOdtw\u00f3rz video\r\n\t<\/a>\r\n\t<p>Siedziba Afinitas mie\u015bci si\u0119 w Stanach Zjednoczonych, w Louis. Aktualnie Afinitas zatrudnia ponad 350 pracownik\u00f3w na ca\u0142ym \u015bwiecie w zak\u0142adach produkcyjnych, handlowych i serwisowych w USA, Danii, Niemczech, W\u0142oszech i Indiach, koncentruj\u0105c si\u0119 na dostarczaniu klientom solidnych urz\u0105dze\u0144 i rozwi\u0105za\u0144 in\u017cynieryjnych oraz \u015bwiatowej klasy us\u0142ug na wszystkich kontynentach.<\/p>\r\n\r\n<\/div><!-- .vgblk-rw-wrapper -->","protected":false},"excerpt":{"rendered":"<p>AFINITAS &#8211; INTELIGENTNE ROZWI\u0104ZANIA DLA BRAN\u017bY PREFABRYKAT\u00d3W Z BETONU Afinitas jako globalna, kompleksowa, zorientowana na klienta platforma us\u0142ug i rozwi\u0105za\u0144 technologicznych dla przemys\u0142u prefabrykacji utworzona zosta\u0142a w 2017 roku z&#8230;<\/p>\n","protected":false},"author":1,"featured_media":0,"parent":0,"menu_order":0,"comment_status":"closed","ping_status":"closed","template":"","meta":{"inline_featured_image":false,"footnotes":""},"class_list":["post-991677","page","type-page","status-publish","hentry"],"jetpack_sharing_enabled":true,"_links":{"self":[{"href":"https:\/\/prefasprzet.pl\/en\/wp-json\/wp\/v2\/pages\/991677","targetHints":{"allow":["GET"]}}],"collection":[{"href":"https:\/\/prefasprzet.pl\/en\/wp-json\/wp\/v2\/pages"}],"about":[{"href":"https:\/\/prefasprzet.pl\/en\/wp-json\/wp\/v2\/types\/page"}],"author":[{"embeddable":true,"href":"https:\/\/prefasprzet.pl\/en\/wp-json\/wp\/v2\/users\/1"}],"replies":[{"embeddable":true,"href":"https:\/\/prefasprzet.pl\/en\/wp-json\/wp\/v2\/comments?post=991677"}],"version-history":[{"count":3,"href":"https:\/\/prefasprzet.pl\/en\/wp-json\/wp\/v2\/pages\/991677\/revisions"}],"predecessor-version":[{"id":991681,"href":"https:\/\/prefasprzet.pl\/en\/wp-json\/wp\/v2\/pages\/991677\/revisions\/991681"}],"wp:attachment":[{"href":"https:\/\/prefasprzet.pl\/en\/wp-json\/wp\/v2\/media?parent=991677"}],"curies":[{"name":"wp","href":"https:\/\/api.w.org\/{rel}","templated":true}]}}