{"id":992082,"date":"2022-12-20T12:20:28","date_gmt":"2022-12-20T11:20:28","guid":{"rendered":"https:\/\/prefasprzet.pl\/palety-szalunkowe-vollert\/"},"modified":"2023-06-20T15:25:48","modified_gmt":"2023-06-20T13:25:48","slug":"formwork-pallets-vollert","status":"publish","type":"page","link":"https:\/\/prefasprzet.pl\/en\/formwork-pallets-vollert\/","title":{"rendered":"Formwork pallets &#8211; transport technologies"},"content":{"rendered":"<div class=\"vgblk-rw-wrapper limit-wrapper\">\r\n<h4>Formwork pallets &#8211; transport technologies<\/h4>\r\n<h4><strong>FORMWORK PALLET<\/strong><\/h4>\r\n<p>Formwork pallets are made as a structure from welded steel profiles with a forming surface that is ground smooth. The quality of the surface can be adapted to customer requirements. The size and type of precast concrete products and the plant concept determine the dimensions and maximum possible surface load of the pallets.<\/p>\r\n<p>From the start until the unloading of the precast concrete product, the shuttering pallets are moved to the subsequent workstations within the circulation system and serve as a means of transport for the casing, reinforcement, built-in parts (fixings, fixtures, etc.) and concrete.<\/p>\r\n<p>The formwork pallets pallets can be equipped with a fixed casing to optimise cycle time.<\/p>\r\n<p><a title=\"\" href=\"https:\/\/prefasprzet.pl\/wp-content\/uploads\/2022\/12\/Produktbild_Schalungspalette.png\" target=\"_self\" rel=\"noopener\"> <img decoding=\"async\" src=\"https:\/\/prefasprzet.pl\/wp-content\/uploads\/2022\/12\/Produktbild_Schalungspalette.png\" sizes=\"(max-width: 768px) 100vw, 100vw\" srcset=\"data:image\/svg+xml;utf8,&lt;svg%20xmlns=&quot;http:\/\/www.w3.org\/2000\/svg&quot;%20viewBox=&quot;0%200%201170%20497&quot;%20height=&quot;497px&quot;%20width=&quot;1170px&quot;\/&gt;\" alt=\"\" width=\"1170\" height=\"497\" data-link-type=\"lightbox\" data-srcset=\"https:\/\/prefasprzet.pl\/wp-content\/uploads\/2022\/12\/Produktbild_Schalungspalette.png 1170w, https:\/\/prefasprzet.pl\/wp-content\/uploads\/2022\/12\/Produktbild_Schalungspalette-300x127.png 300w, https:\/\/prefasprzet.pl\/wp-content\/uploads\/2022\/12\/Produktbild_Schalungspalette-1024x435.png 1024w, https:\/\/prefasprzet.pl\/wp-content\/uploads\/2022\/12\/Produktbild_Schalungspalette-630x268.png 630w, https:\/\/prefasprzet.pl\/wp-content\/uploads\/2022\/12\/Produktbild_Schalungspalette-420x178.png 420w, https:\/\/prefasprzet.pl\/wp-content\/uploads\/2022\/12\/Produktbild_Schalungspalette-840x357.png 840w, https:\/\/prefasprzet.pl\/wp-content\/uploads\/2022\/12\/Produktbild_Schalungspalette-315x134.png 315w\" \/> <\/a> <a title=\"\" href=\"https:\/\/prefasprzet.pl\/wp-content\/uploads\/2022\/12\/csm_Produktslider_Umlaufpalette_004_bdab999039.png\" target=\"_self\" rel=\"noopener\"> <img decoding=\"async\" src=\"https:\/\/prefasprzet.pl\/wp-content\/uploads\/2022\/12\/csm_Produktslider_Umlaufpalette_004_bdab999039.png\" sizes=\"(max-width: 768px) 100vw, 100vw\" alt=\"\" width=\"280\" height=\"157\" data-link-type=\"lightbox\" \/> <\/a> <a title=\"\" href=\"https:\/\/prefasprzet.pl\/wp-content\/uploads\/2022\/12\/csm_Produktslider_Umlaufpalette_003_e43a979e3a.png\" target=\"_self\" rel=\"noopener\"> <img decoding=\"async\" src=\"https:\/\/prefasprzet.pl\/wp-content\/uploads\/2022\/12\/csm_Produktslider_Umlaufpalette_003_e43a979e3a.png\" sizes=\"(max-width: 768px) 100vw, 100vw\" alt=\"\" width=\"280\" height=\"157\" data-link-type=\"lightbox\" \/> <\/a> <a title=\"\" href=\"https:\/\/prefasprzet.pl\/wp-content\/uploads\/2022\/12\/csm_Produktslider_Umlaufpalette_001_70bef152f5.png\" target=\"_self\" rel=\"noopener\"> <img decoding=\"async\" src=\"https:\/\/prefasprzet.pl\/wp-content\/uploads\/2022\/12\/csm_Produktslider_Umlaufpalette_001_70bef152f5.png\" sizes=\"(max-width: 768px) 100vw, 100vw\" alt=\"\" width=\"280\" height=\"157\" data-link-type=\"lightbox\" \/> <\/a><\/p>\r\n<h4><strong>W\u00d3ZEK KRZY\u017bOWY I PRZENO\u015aNIK ROLKOWY<\/strong><\/h4>\r\n<p><a title=\"\" href=\"https:\/\/prefasprzet.pl\/wp-content\/uploads\/2022\/12\/Produktbild_Rollenfoerder-Querhubwagen.png\" target=\"_self\" rel=\"noopener\"> <img decoding=\"async\" src=\"https:\/\/prefasprzet.pl\/wp-content\/uploads\/2022\/12\/Produktbild_Rollenfoerder-Querhubwagen.png\" sizes=\"(max-width: 768px) 100vw, 100vw\" srcset=\"data:image\/svg+xml;utf8,&lt;svg%20xmlns=&quot;http:\/\/www.w3.org\/2000\/svg&quot;%20viewBox=&quot;0%200%201170%20497&quot;%20height=&quot;497px&quot;%20width=&quot;1170px&quot;\/&gt;\" alt=\"\" width=\"1170\" height=\"497\" data-link-type=\"lightbox\" data-srcset=\"https:\/\/prefasprzet.pl\/wp-content\/uploads\/2022\/12\/Produktbild_Rollenfoerder-Querhubwagen.png 1170w, https:\/\/prefasprzet.pl\/wp-content\/uploads\/2022\/12\/Produktbild_Rollenfoerder-Querhubwagen-300x127.png 300w, https:\/\/prefasprzet.pl\/wp-content\/uploads\/2022\/12\/Produktbild_Rollenfoerder-Querhubwagen-1024x435.png 1024w, https:\/\/prefasprzet.pl\/wp-content\/uploads\/2022\/12\/Produktbild_Rollenfoerder-Querhubwagen-630x268.png 630w, https:\/\/prefasprzet.pl\/wp-content\/uploads\/2022\/12\/Produktbild_Rollenfoerder-Querhubwagen-420x178.png 420w, https:\/\/prefasprzet.pl\/wp-content\/uploads\/2022\/12\/Produktbild_Rollenfoerder-Querhubwagen-840x357.png 840w, https:\/\/prefasprzet.pl\/wp-content\/uploads\/2022\/12\/Produktbild_Rollenfoerder-Querhubwagen-315x134.png 315w\" \/> <\/a><\/p>\r\n<p>W\u00f3zek poprzeczny s\u0142u\u017cy do poprzecznego przestawiania palety szalunkowej w obiegu. W tym celu para w\u00f3zk\u00f3w poprzecznych przesuwana jest pod palet\u0119 szalunkow\u0105, kt\u00f3ra ma by\u0107 transportowana i precyzyjnie pozycjonowana. Paleta jest podnoszona hydraulicznie i przesuwana do nast\u0119pnej pozycji. W nowej pozycji paleta jest opuszczana albo na bloki rolkowe, albo na bloki odstawcze. W\u00f3zek poprzeczny jest wtedy gotowy do przeniesienia kolejnej palety szalunkowej.<\/p>\r\n<p>Palety szalunkowe s\u0105 transportowane wzd\u0142u\u017cnie przez system obiegu palet za pomoc\u0105 przeno\u015bnika rolkowego. Przeno\u015bniki rolkowe Vollerta s\u0105 tak skonstruowane, \u017ce nie ma ryzyka zgniecenia pomi\u0119dzy poszczeg\u00f3lnymi blokami rolkowymi a palet\u0105 szalunkow\u0105.<\/p>\r\n<h4><br \/><strong>VARIO SHIFT CENTRALNY W\u00d3ZEK DYSTRYBUCYJNY<\/strong><\/h4>\r\n<p><a title=\"\" href=\"https:\/\/prefasprzet.pl\/wp-content\/uploads\/2022\/12\/Produktbild_Schiebebuehne.png\" target=\"_self\" rel=\"noopener\"> <img decoding=\"async\" src=\"https:\/\/prefasprzet.pl\/wp-content\/uploads\/2022\/12\/Produktbild_Schiebebuehne.png\" sizes=\"(max-width: 768px) 100vw, 100vw\" srcset=\"data:image\/svg+xml;utf8,&lt;svg%20xmlns=&quot;http:\/\/www.w3.org\/2000\/svg&quot;%20viewBox=&quot;0%200%201170%20497&quot;%20height=&quot;497px&quot;%20width=&quot;1170px&quot;\/&gt;\" alt=\"\" width=\"1170\" height=\"497\" data-link-type=\"lightbox\" data-srcset=\"https:\/\/prefasprzet.pl\/wp-content\/uploads\/2022\/12\/Produktbild_Schiebebuehne.png 1170w, https:\/\/prefasprzet.pl\/wp-content\/uploads\/2022\/12\/Produktbild_Schiebebuehne-300x127.png 300w, https:\/\/prefasprzet.pl\/wp-content\/uploads\/2022\/12\/Produktbild_Schiebebuehne-1024x435.png 1024w, https:\/\/prefasprzet.pl\/wp-content\/uploads\/2022\/12\/Produktbild_Schiebebuehne-630x268.png 630w, https:\/\/prefasprzet.pl\/wp-content\/uploads\/2022\/12\/Produktbild_Schiebebuehne-420x178.png 420w, https:\/\/prefasprzet.pl\/wp-content\/uploads\/2022\/12\/Produktbild_Schiebebuehne-840x357.png 840w, https:\/\/prefasprzet.pl\/wp-content\/uploads\/2022\/12\/Produktbild_Schiebebuehne-315x134.png 315w\" \/> <\/a><\/p>\r\n<p>Centralny w\u00f3zek transferowy s\u0142u\u017cy jako dystrybutor palet dla poszczeg\u00f3lnych stanowisk cyklu. Idealnie sprawdza si\u0119 przy produkcji wyrob\u00f3w betonowych wymagaj\u0105cych r\u00f3\u017cnych czas\u00f3w produkcji.<\/p>\r\n<p>Centralny w\u00f3zek transferowy rozdziela palety do r\u00f3\u017cnych stanowisk pracy, doprowadzaj\u0105c je do kolejnego etapu produkcji w zale\u017cno\u015bci od potrzeb. W ten spos\u00f3b mo\u017cna unikn\u0105\u0107 w\u0105skich garde\u0142 w logistyce, a palety mog\u0105 si\u0119 wzajemnie wyprzedza\u0107. Rozr\u00f3\u017cnia si\u0119 pojazdy transferowe, kt\u00f3re przemieszczaj\u0105 palety wzd\u0142u\u017c lub poprzecznie do kierunku jazdy. Rozmieszczanie palet mo\u017ce odbywa\u0107 si\u0119 r\u0119cznie lub automatycznie.<\/p>\r\n<p><a title=\"\" href=\"https:\/\/prefasprzet.pl\/wp-content\/uploads\/2022\/12\/csm_Produktslider_QHW_04_dcce673534.png\" target=\"_self\" rel=\"noopener\"> <img decoding=\"async\" src=\"https:\/\/prefasprzet.pl\/wp-content\/uploads\/2022\/12\/csm_Produktslider_QHW_04_dcce673534.png\" sizes=\"(max-width: 768px) 100vw, 100vw\" alt=\"\" width=\"280\" height=\"157\" data-link-type=\"lightbox\" \/> <\/a> <a title=\"\" href=\"https:\/\/prefasprzet.pl\/wp-content\/uploads\/2022\/12\/csm_Produktslider_QHW_03_6d27e4f943.png\" target=\"_self\" rel=\"noopener\"> <img decoding=\"async\" src=\"https:\/\/prefasprzet.pl\/wp-content\/uploads\/2022\/12\/csm_Produktslider_QHW_03_6d27e4f943.png\" sizes=\"(max-width: 768px) 100vw, 100vw\" alt=\"\" width=\"280\" height=\"157\" data-link-type=\"lightbox\" \/> <\/a> <a title=\"\" href=\"https:\/\/prefasprzet.pl\/wp-content\/uploads\/2022\/12\/csm_Produktslider_QHW_01_2868f4fefe.png\" target=\"_self\" rel=\"noopener\"> <img decoding=\"async\" src=\"https:\/\/prefasprzet.pl\/wp-content\/uploads\/2022\/12\/csm_Produktslider_QHW_01_2868f4fefe.png\" sizes=\"(max-width: 768px) 100vw, 100vw\" alt=\"\" width=\"280\" height=\"157\" data-link-type=\"lightbox\" \/> <\/a><\/p>\r\n<h4><strong>SYSTEM TRANSPORTU BETONU<\/strong><\/h4>\r\n<p><a title=\"\" href=\"https:\/\/prefasprzet.pl\/wp-content\/uploads\/2022\/12\/Produktbild_Kubelbahn.png\" target=\"_self\" rel=\"noopener\"> <img decoding=\"async\" src=\"https:\/\/prefasprzet.pl\/wp-content\/uploads\/2022\/12\/Produktbild_Kubelbahn.png\" sizes=\"(max-width: 768px) 100vw, 100vw\" srcset=\"data:image\/svg+xml;utf8,&lt;svg%20xmlns=&quot;http:\/\/www.w3.org\/2000\/svg&quot;%20viewBox=&quot;0%200%201170%20497&quot;%20height=&quot;497px&quot;%20width=&quot;1170px&quot;\/&gt;\" alt=\"\" width=\"1170\" height=\"497\" data-link-type=\"lightbox\" data-srcset=\"https:\/\/prefasprzet.pl\/wp-content\/uploads\/2022\/12\/Produktbild_Kubelbahn.png 1170w, https:\/\/prefasprzet.pl\/wp-content\/uploads\/2022\/12\/Produktbild_Kubelbahn-300x127.png 300w, https:\/\/prefasprzet.pl\/wp-content\/uploads\/2022\/12\/Produktbild_Kubelbahn-1024x435.png 1024w, https:\/\/prefasprzet.pl\/wp-content\/uploads\/2022\/12\/Produktbild_Kubelbahn-630x268.png 630w, https:\/\/prefasprzet.pl\/wp-content\/uploads\/2022\/12\/Produktbild_Kubelbahn-420x178.png 420w, https:\/\/prefasprzet.pl\/wp-content\/uploads\/2022\/12\/Produktbild_Kubelbahn-840x357.png 840w, https:\/\/prefasprzet.pl\/wp-content\/uploads\/2022\/12\/Produktbild_Kubelbahn-315x134.png 315w\" \/> <\/a><\/p>\r\n<p>System transportu betonu zapewnia transport betonu z mieszalni do dystrybutora betonu. W zale\u017cno\u015bci od uk\u0142adu produkcji nie zawsze mo\u017cliwe jest zapewnienie betonowania w bezpo\u015brednim s\u0105siedztwie mieszalni. Cz\u0119sto wiele stanowisk produkcyjnych jest zaopatrywanych z jednej mieszalni za pomoc\u0105 system\u00f3w transportu betonu.<\/p>\r\n<p>W przypadku zapotrzebowania przeno\u015bnik kube\u0142kowy mo\u017ce by\u0107 uzupe\u0142niony o silos po\u015bredni nad dystrybutorem betonu, kt\u00f3ry mo\u017ce dzia\u0142a\u0107 jako kolejny dodatkowy bufor i jeszcze bardziej zwi\u0119kszy\u0107 wydajno\u015b\u0107.<\/p>\r\n<p>W zale\u017cno\u015bci od konsystencji betonu rozr\u00f3\u017cnia si\u0119 r\u00f3\u017cne systemy przeno\u015bnik\u00f3w kube\u0142kowych &#8211; na przyk\u0142ad systemy przeno\u015bnik\u00f3w kube\u0142kowych przechylne lub i z wyrzutem dolnym.<\/p>\r\n<p><a title=\"\" href=\"https:\/\/prefasprzet.pl\/wp-content\/uploads\/2022\/12\/csm_Produktslider_Betontransport_004_dc954f9a27.png\" target=\"_self\" rel=\"noopener\"> <img decoding=\"async\" src=\"https:\/\/prefasprzet.pl\/wp-content\/uploads\/2022\/12\/csm_Produktslider_Betontransport_004_dc954f9a27.png\" sizes=\"(max-width: 768px) 100vw, 100vw\" alt=\"\" width=\"280\" height=\"157\" data-link-type=\"lightbox\" \/> <\/a> <a title=\"\" href=\"https:\/\/prefasprzet.pl\/wp-content\/uploads\/2022\/12\/csm_Produktslider_Betontransport_003_64739da1ca.png\" target=\"_self\" rel=\"noopener\"> <img decoding=\"async\" src=\"https:\/\/prefasprzet.pl\/wp-content\/uploads\/2022\/12\/csm_Produktslider_Betontransport_003_64739da1ca.png\" sizes=\"(max-width: 768px) 100vw, 100vw\" alt=\"\" width=\"280\" height=\"157\" data-link-type=\"lightbox\" \/> <\/a> <a title=\"\" href=\"https:\/\/prefasprzet.pl\/wp-content\/uploads\/2022\/12\/csm_Produktslider_Betontransport_001_9f425c8b4a.png\" target=\"_self\" rel=\"noopener\"> <img decoding=\"async\" src=\"https:\/\/prefasprzet.pl\/wp-content\/uploads\/2022\/12\/csm_Produktslider_Betontransport_001_9f425c8b4a.png\" sizes=\"(max-width: 768px) 100vw, 100vw\" alt=\"\" width=\"280\" height=\"157\" data-link-type=\"lightbox\" \/> <\/a><\/p>\r\n<\/div><!-- .vgblk-rw-wrapper -->","protected":false},"excerpt":{"rendered":"<p>Formwork pallets &#8211; transport technologies FORMWORK PALLET Formwork pallets are made as a structure from welded steel profiles with a forming surface that is ground smooth. The quality of the&#8230;<\/p>\n","protected":false},"author":1,"featured_media":0,"parent":0,"menu_order":0,"comment_status":"closed","ping_status":"closed","template":"","meta":{"inline_featured_image":false,"footnotes":""},"class_list":["post-992082","page","type-page","status-publish","hentry"],"jetpack_sharing_enabled":true,"_links":{"self":[{"href":"https:\/\/prefasprzet.pl\/en\/wp-json\/wp\/v2\/pages\/992082","targetHints":{"allow":["GET"]}}],"collection":[{"href":"https:\/\/prefasprzet.pl\/en\/wp-json\/wp\/v2\/pages"}],"about":[{"href":"https:\/\/prefasprzet.pl\/en\/wp-json\/wp\/v2\/types\/page"}],"author":[{"embeddable":true,"href":"https:\/\/prefasprzet.pl\/en\/wp-json\/wp\/v2\/users\/1"}],"replies":[{"embeddable":true,"href":"https:\/\/prefasprzet.pl\/en\/wp-json\/wp\/v2\/comments?post=992082"}],"version-history":[{"count":5,"href":"https:\/\/prefasprzet.pl\/en\/wp-json\/wp\/v2\/pages\/992082\/revisions"}],"predecessor-version":[{"id":992536,"href":"https:\/\/prefasprzet.pl\/en\/wp-json\/wp\/v2\/pages\/992082\/revisions\/992536"}],"wp:attachment":[{"href":"https:\/\/prefasprzet.pl\/en\/wp-json\/wp\/v2\/media?parent=992082"}],"curies":[{"name":"wp","href":"https:\/\/api.w.org\/{rel}","templated":true}]}}